{"id":815,"date":"2024-05-03T10:05:12","date_gmt":"2024-05-03T07:05:12","guid":{"rendered":"https:\/\/jonnex.eu\/par-mums\/"},"modified":"2026-04-27T16:05:44","modified_gmt":"2026-04-27T13:05:44","slug":"par-mums","status":"publish","type":"page","link":"https:\/\/jonnex.eu\/lv\/par-mums\/","title":{"rendered":"Par mums"},"content":{"rendered":"<section id=\"cta-block_6142078c662ce8f514e54c02901be5cc\" class=\"block cta\">\n    <div class=\"container\">\n        <div class=\"cta-image-wrapper\">\n                            <div class=\"row\">\n                    <div class=\"col g-0\"><\/div>\n                    <div class=\"col col-lg-6 g-0\">\n                        <div class=\"ratio ratio-1x1\">\n                            <div class=\"image-wrapper\">\n                                <img decoding=\"async\" src=\"https:\/\/jonnex.eu\/wp-content\/uploads\/2024\/05\/IMG_06.jpg\" alt=\"\">\n                            <\/div>\n                        <\/div>\n                    <\/div>\n                <\/div>\n                    <\/div>\n        <div class=\"row\">\n            <div class=\"col col-lg-6\" style=\" --columns-content-grid-bg: #1A32AA; background-image: url(https:\/\/jonnex.eu\/wp-content\/uploads\/2024\/05\/Sign.svg);\">\n                <div class=\"cta-content\">\n                                            <div class=\"cta-title\">\n                            <h2>Par mums<\/h2>\n                        <\/div>\n                                                                <p>Jonnex-Farma ir c\u0113lusies no <a href=\"https:\/\/repharm.lv\/en\/\">Repharm<\/a> uz\u0146\u0113mumu grup\u0101m, kur\u0101 ietilpst vesel\u012bbas apr\u016bpes centru t\u012bkls, laboratorijas, modernas aptiekas, k\u0101 ar\u012b z\u0101\u013cu vairumtirdzniec\u012bba.<\/p>\n                                                        <\/div>\n            <\/div>\n        <\/div>\n    <\/div>\n<\/section>\n\n\n<section id=\"columns-image-content-block_535f7830d53baf54d83cd1b1d49ed179\" class=\"block columns-image-content block-bg-none\" data-animate>\n    <div class=\"container\">\n                <div class=\"row align-items-center\" data-animate-in>\n                            <div class=\"col-lg-6\">\n                    <div class=\"ratio ratio-16x9\">\n                        <div class=\"image-wrapper\">\n                            <img decoding=\"async\" src=\"https:\/\/jonnex.eu\/wp-content\/uploads\/2024\/05\/jonnex_farma_catalog_visas_2024_05_WEB.jpg\" alt=\"\">\n                        <\/div>\n                                                    <a href=\"https:\/\/jonnex.eu\/wp-content\/uploads\/2026\/04\/jonnex_farma_catalog_visas_2026_04_20_TG.pdf\" class=\"stretched-link\" target=\"_blank\"><\/a>\n                                            <\/div>\n                <\/div>\n                        <div class=\"col-lg-6 col-content\">\n                <div>\n                    <h2>Jonnex-Farma \u0161odien<\/h2>\n<p>\u0160obr\u012bd Jonnex-Farma farm\u0101cijas uz\u0146\u0113mums ir da\u013ca no <a href=\"https:\/\/olpha.eu\/en\/\" target=\"_blank\" rel=\"noopener\">Olpha<\/a> grupas kop\u0101 ar t\u0101diem zin\u0101miem ra\u017eot\u0101jiem k\u0101 <a href=\"https:\/\/silvanols.lv\" target=\"_blank\" rel=\"noopener\">Silvanols<\/a> un <a href=\"https:\/\/rff.lv\" target=\"_blank\" rel=\"noopener\">R\u012bgas Farmaceitisk\u0101 Fabrika<\/a>, kas lepojas ar daudzu gadu pieredzi uztura bag\u0101tin\u0101t\u0101ju, medic\u012bnisko ier\u012b\u010du, kosm\u0113tikas un bezrecep\u0161u (OTC) medikamentu izstr\u0101d\u0113 un ra\u017eo\u0161an\u0101.<\/p>\n<p>&nbsp;<\/p>\n                                    <\/div>\n\n            <\/div>\n        <\/div>\n    <\/div>\n<\/section>\n\n\n<section id=\"card-columns-block_737938756830bc47ad2aa8914aaf7007\" class=\"block card-columns block-bg-light-blue\">\n    <div class=\"container\">\n        <div class=\"title text-start\">\n                            <h2>M\u016bsu produkti<\/h2>\n                                        <p><p>M\u0113s pied\u0101v\u0101jam efekt\u012bvus un inovat\u012bvus produktus ar r\u016bp\u012bgi piemekl\u0113t\u0101m akt\u012bvo vielu kompoz\u012bcij\u0101m, kuras piem\u0113rotas pat\u0113r\u0113t\u0101jiem da\u017e\u0101dos dz\u012bves posmos un sniedz iesp\u0113ju dz\u012bvot akt\u012bvu un vesel\u012bgu dz\u012bvi.<\/p>\n<p><a href=\"https:\/\/jonnex.eu\/wp-content\/uploads\/2026\/01\/JF-Catalogue-2025-10.pdf\" target=\"_blank\" rel=\"noopener\">Lejupl\u0101d\u0113<\/a> m\u016bsu produktu katalogu, lai uzzin\u0101tu vair\u0101k!<\/p>\n<\/p>\n                    <\/div>\n                    <div class=\"listing\">\n                <div class=\"row row-cols-lg-3\">\n                    \n                        \n                        \n                        <div class=\"col-12 col-md-6 col-lg\">\n\n                            <div class=\"card border-0 position-relative text-start\">\n                                                                                                            <div class=\"ratio ratio-1x1\">\n                                            <div class=\"image-wrapper\">\n                                                <img decoding=\"async\" src=\"https:\/\/jonnex.eu\/wp-content\/uploads\/2024\/05\/IMG-1.jpg\" alt=\"Image\">\n                                            <\/div>\n                                        <\/div>\n                                                                    \n                                \n                                                                \n                            <\/div>\n\n                        <\/div>\n                    \n                        \n                        \n                        <div class=\"col-12 col-md-6 col-lg\">\n\n                            <div class=\"card border-0 position-relative text-start\">\n                                                                                                            <div class=\"ratio ratio-1x1\">\n                                            <div class=\"image-wrapper\">\n                                                <img decoding=\"async\" src=\"https:\/\/jonnex.eu\/wp-content\/uploads\/2024\/05\/IMG-1-1.jpg\" alt=\"Image\">\n                                            <\/div>\n                                        <\/div>\n                                                                    \n                                \n                                                                \n                            <\/div>\n\n                        <\/div>\n                    \n                        \n                        \n                        <div class=\"col-12 col-md-6 col-lg\">\n\n                            <div class=\"card border-0 position-relative text-start\">\n                                                                                                            <div class=\"ratio ratio-1x1\">\n                                            <div class=\"image-wrapper\">\n                                                <img decoding=\"async\" src=\"https:\/\/jonnex.eu\/wp-content\/uploads\/2024\/05\/IMG-2.jpg\" alt=\"Image\">\n                                            <\/div>\n                                        <\/div>\n                                                                    \n                                \n                                                                \n                            <\/div>\n\n                        <\/div>\n                                    <\/div>\n            <\/div>\n            <\/div>\n<\/section>\n\n\n<section id=\"card-columns-block_af2b4e48cf6f48fc97ff514c7394ec52\" class=\"block card-columns block-bg-none\">\n    <div class=\"container\">\n        <div class=\"title text-start\">\n                            <h2>M\u016bsu iesp\u0113jas<\/h2>\n                                        <p><p>M\u016bsu produktu portfolio ietver vair\u0101k nek\u0101 100 produktus, kas iepriek\u0161 izv\u0113rt\u0113ti un izstr\u0101d\u0101ti m\u016bsu r\u016bpn\u012bc\u0101s. M\u0113s pied\u0101v\u0101jam vair\u0101kus veiksm\u012bgi att\u012bst\u012btus z\u012bmolus, kas orient\u0113ti uz da\u017e\u0101diem tirgus segmentiem un m\u0113r\u0137auditorij\u0101m, k\u0101 ar\u012b pied\u0101v\u0101jam priv\u0101t\u0101 z\u012bmola un kontraktra\u017eo\u0161anas pakalpojumus.<\/p>\n<\/p>\n                    <\/div>\n                    <div class=\"listing\">\n                <div class=\"row row-cols-lg-3\">\n                    \n                                                    <div class=\"col-12 col-md-6 col-lg\">\n                                <div class=\"card-column-background theme-blue\">\n    <div class=\"inner-content\">\n        <div>\n            <h3>M\u016bsu z\u012bmoli<\/h3>\n<p>Veiksm\u012bgi att\u012bst\u012bti z\u012bmoli, kas orient\u0113ti uz da\u017e\u0101diem tirgus segmentiem un m\u0113r\u0137auditorij\u0101m.<\/p>\n        <\/div>\n                <div>\n            <a href=\"https:\/\/jonnex.eu\/our-brands\/\" class=\"btn\">\n                Z\u012bmoli            <\/a>\n        <\/div>\n\n            <\/div>\n    <div class=\"style-element\">\n                    <svg width=\"328\" height=\"304\" viewBox=\"0 0 328 304\" fill=\"none\" xmlns=\"http:\/\/www.w3.org\/2000\/svg\">\n                <g opacity=\"0.08\">\n                    <path d=\"M298.727 126.4H248.672V51.2003H125.099V0H298.727V126.4Z\" fill=\"white\"\/>\n                    <path d=\"M472.355 177.6H422.3V126.4H472.355V51.2003H696V0H422.3V126.4H298.727L298.728 177.6H248.71C248.71 204.799 232.472 229.601 207.37 240.8C172.175 256.495 126.627 256.495 91.3947 240.8C66.2928 229.638 50.0546 204.799 50.0546 177.6H0C0 225.18 28.0066 268.42 71.3951 287.773C95.2678 298.399 122.232 304 149.383 304L149.42 303.963C176.57 303.963 203.497 298.362 227.369 287.733C270.721 268.42 298.764 225.18 298.764 177.6H422.3V304H472.355V177.6Z\" fill=\"white\"\/>\n                    <path d=\"M595.929 126.4H472.355V177.6H595.929V126.4Z\" fill=\"white\"\/>\n                <\/g>\n            <\/svg>\n        \n    <\/div>\n\n<\/div>\n                            <\/div>\n                            \n                                                    <div class=\"col-12 col-md-6 col-lg\">\n                                <div class=\"card-column-background theme-grey\">\n    <div class=\"inner-content\">\n        <div>\n            <h3>M\u016bsu pakalpojumi<\/h3>\n<p>Priv\u0101tais pre\u010du z\u012bmols un kontraktra\u017eo\u0161ana.<\/p>\n        <\/div>\n                <div>\n            <a href=\"https:\/\/jonnex.eu\/services\/\" class=\"btn\">\n                Pakalpojumi            <\/a>\n        <\/div>\n\n            <\/div>\n    <div class=\"style-element\">\n                    <svg width=\"328\" height=\"304\" viewBox=\"0 0 328 304\" fill=\"none\" xmlns=\"http:\/\/www.w3.org\/2000\/svg\">\n                <g opacity=\"0.08\">\n                    <path d=\"M-69.2734 126.4H-119.328V51.2003H-242.901V0H-69.2734V126.4Z\" fill=\"white\"\/>\n                    <path d=\"M104.355 177.6H54.3003V126.4H104.355V51.2003H328V0H54.3003V126.4H-69.2734L-69.272 177.6H-119.29C-119.29 204.799 -135.528 229.601 -160.63 240.8C-195.825 256.495 -241.373 256.495 -276.605 240.8C-301.707 229.638 -317.945 204.799 -317.945 177.6H-368C-368 225.18 -339.993 268.42 -296.605 287.773C-272.732 298.399 -245.768 304 -218.617 304L-218.58 303.963C-191.43 303.963 -164.503 298.362 -140.631 287.733C-97.2793 268.42 -69.2355 225.18 -69.2355 177.6H54.3003V304H104.355V177.6Z\" fill=\"white\"\/>\n                    <path d=\"M227.929 126.4H104.355V177.6H227.929V126.4Z\" fill=\"white\"\/>\n                <\/g>\n            <\/svg>\n        \n    <\/div>\n\n<\/div>\n                            <\/div>\n                            \n                                                    <div class=\"col-12 col-md-6 col-lg\">\n                                <div class=\"card-column-background theme-green\">\n    <div class=\"inner-content\">\n        <div>\n            <h3>Sazinies ar mums<\/h3>\n<p>Sazinies ar mums, lai uzzin\u0101tu vair\u0101k! M\u0113s b\u016bsim priec\u012bgi Tev pal\u012bdz\u0113t!<\/p>\n        <\/div>\n                <div>\n            <a href=\"https:\/\/jonnex.eu\/contacts\/\" class=\"btn\">\n                Kontakti            <\/a>\n        <\/div>\n\n            <\/div>\n    <div class=\"style-element\">\n                    <svg width=\"328\" height=\"304\" viewBox=\"0 0 328 304\" fill=\"none\" xmlns=\"http:\/\/www.w3.org\/2000\/svg\">\n                <g opacity=\"0.08\">\n                    <path d=\"M114.727 126.4H64.672V51.2003H-58.901V0H114.727V126.4Z\" fill=\"#65BC50\"\/>\n                    <path d=\"M288.355 177.6H238.3V126.4H288.355V51.2003H512V0H238.3V126.4H114.727L114.728 177.6H64.7099C64.7099 204.799 48.4717 229.601 23.3697 240.8C-11.8247 256.495 -57.373 256.495 -92.6053 240.8C-117.707 229.638 -133.945 204.799 -133.945 177.6H-184C-184 225.18 -155.993 268.42 -112.605 287.773C-88.7322 298.399 -61.7678 304 -34.6174 304L-34.5803 303.963C-7.42993 303.963 19.4967 298.362 43.3694 287.733C86.7207 268.42 114.764 225.18 114.764 177.6H238.3V304H288.355V177.6Z\" fill=\"#65BC50\"\/>\n                    <path d=\"M411.929 126.4H288.355V177.6H411.929V126.4Z\" fill=\"#65BC50\"\/>\n                <\/g>\n            <\/svg>\n        \n    <\/div>\n\n<\/div>\n                            <\/div>\n                                            <\/div>\n            <\/div>\n            <\/div>\n<\/section>\n","protected":false},"excerpt":{"rendered":"","protected":false},"author":1,"featured_media":0,"parent":0,"menu_order":0,"comment_status":"closed","ping_status":"closed","template":"","meta":{"_acf_changed":false,"footnotes":""},"class_list":["post-815","page","type-page","status-publish","hentry"],"acf":[],"yoast_head":"<!-- This site is optimized with the Yoast SEO plugin v22.4 - https:\/\/yoast.com\/wordpress\/plugins\/seo\/ -->\n<title>Par mums - Jonnex Farma<\/title>\n<meta name=\"robots\" content=\"index, follow, max-snippet:-1, max-image-preview:large, max-video-preview:-1\" \/>\n<link rel=\"canonical\" href=\"https:\/\/jonnex.eu\/lv\/par-mums\/\" \/>\n<meta property=\"og:locale\" content=\"lv_LV\" \/>\n<meta property=\"og:type\" content=\"article\" \/>\n<meta property=\"og:title\" content=\"Par mums - Jonnex Farma\" \/>\n<meta property=\"og:url\" content=\"https:\/\/jonnex.eu\/lv\/par-mums\/\" \/>\n<meta property=\"og:site_name\" content=\"Jonnex Farma\" \/>\n<meta property=\"article:modified_time\" content=\"2026-04-27T13:05:44+00:00\" \/>\n<meta name=\"twitter:card\" content=\"summary_large_image\" \/>\n<script type=\"application\/ld+json\" class=\"yoast-schema-graph\">{\"@context\":\"https:\/\/schema.org\",\"@graph\":[{\"@type\":\"WebPage\",\"@id\":\"https:\/\/jonnex.eu\/lv\/par-mums\/\",\"url\":\"https:\/\/jonnex.eu\/lv\/par-mums\/\",\"name\":\"Par mums - Jonnex Farma\",\"isPartOf\":{\"@id\":\"https:\/\/jonnex.eu\/lv\/#website\"},\"datePublished\":\"2024-05-03T07:05:12+00:00\",\"dateModified\":\"2026-04-27T13:05:44+00:00\",\"breadcrumb\":{\"@id\":\"https:\/\/jonnex.eu\/lv\/par-mums\/#breadcrumb\"},\"inLanguage\":\"lv-LV\",\"potentialAction\":[{\"@type\":\"ReadAction\",\"target\":[\"https:\/\/jonnex.eu\/lv\/par-mums\/\"]}]},{\"@type\":\"BreadcrumbList\",\"@id\":\"https:\/\/jonnex.eu\/lv\/par-mums\/#breadcrumb\",\"itemListElement\":[{\"@type\":\"ListItem\",\"position\":1,\"name\":\"Home\",\"item\":\"https:\/\/jonnex.eu\/lv\/\"},{\"@type\":\"ListItem\",\"position\":2,\"name\":\"Par mums\"}]},{\"@type\":\"WebSite\",\"@id\":\"https:\/\/jonnex.eu\/lv\/#website\",\"url\":\"https:\/\/jonnex.eu\/lv\/\",\"name\":\"Jonnex Farma\",\"description\":\"\",\"potentialAction\":[{\"@type\":\"SearchAction\",\"target\":{\"@type\":\"EntryPoint\",\"urlTemplate\":\"https:\/\/jonnex.eu\/lv\/?s={search_term_string}\"},\"query-input\":\"required name=search_term_string\"}],\"inLanguage\":\"lv-LV\"}]}<\/script>\n<!-- \/ Yoast SEO plugin. -->","yoast_head_json":{"title":"Par mums - Jonnex Farma","robots":{"index":"index","follow":"follow","max-snippet":"max-snippet:-1","max-image-preview":"max-image-preview:large","max-video-preview":"max-video-preview:-1"},"canonical":"https:\/\/jonnex.eu\/lv\/par-mums\/","og_locale":"lv_LV","og_type":"article","og_title":"Par mums - Jonnex Farma","og_url":"https:\/\/jonnex.eu\/lv\/par-mums\/","og_site_name":"Jonnex Farma","article_modified_time":"2026-04-27T13:05:44+00:00","twitter_card":"summary_large_image","schema":{"@context":"https:\/\/schema.org","@graph":[{"@type":"WebPage","@id":"https:\/\/jonnex.eu\/lv\/par-mums\/","url":"https:\/\/jonnex.eu\/lv\/par-mums\/","name":"Par mums - Jonnex Farma","isPartOf":{"@id":"https:\/\/jonnex.eu\/lv\/#website"},"datePublished":"2024-05-03T07:05:12+00:00","dateModified":"2026-04-27T13:05:44+00:00","breadcrumb":{"@id":"https:\/\/jonnex.eu\/lv\/par-mums\/#breadcrumb"},"inLanguage":"lv-LV","potentialAction":[{"@type":"ReadAction","target":["https:\/\/jonnex.eu\/lv\/par-mums\/"]}]},{"@type":"BreadcrumbList","@id":"https:\/\/jonnex.eu\/lv\/par-mums\/#breadcrumb","itemListElement":[{"@type":"ListItem","position":1,"name":"Home","item":"https:\/\/jonnex.eu\/lv\/"},{"@type":"ListItem","position":2,"name":"Par mums"}]},{"@type":"WebSite","@id":"https:\/\/jonnex.eu\/lv\/#website","url":"https:\/\/jonnex.eu\/lv\/","name":"Jonnex Farma","description":"","potentialAction":[{"@type":"SearchAction","target":{"@type":"EntryPoint","urlTemplate":"https:\/\/jonnex.eu\/lv\/?s={search_term_string}"},"query-input":"required name=search_term_string"}],"inLanguage":"lv-LV"}]}},"_links":{"self":[{"href":"https:\/\/jonnex.eu\/lv\/wp-json\/wp\/v2\/pages\/815","targetHints":{"allow":["GET"]}}],"collection":[{"href":"https:\/\/jonnex.eu\/lv\/wp-json\/wp\/v2\/pages"}],"about":[{"href":"https:\/\/jonnex.eu\/lv\/wp-json\/wp\/v2\/types\/page"}],"author":[{"embeddable":true,"href":"https:\/\/jonnex.eu\/lv\/wp-json\/wp\/v2\/users\/1"}],"replies":[{"embeddable":true,"href":"https:\/\/jonnex.eu\/lv\/wp-json\/wp\/v2\/comments?post=815"}],"version-history":[{"count":12,"href":"https:\/\/jonnex.eu\/lv\/wp-json\/wp\/v2\/pages\/815\/revisions"}],"predecessor-version":[{"id":1033,"href":"https:\/\/jonnex.eu\/lv\/wp-json\/wp\/v2\/pages\/815\/revisions\/1033"}],"wp:attachment":[{"href":"https:\/\/jonnex.eu\/lv\/wp-json\/wp\/v2\/media?parent=815"}],"curies":[{"name":"wp","href":"https:\/\/api.w.org\/{rel}","templated":true}]}}