{"id":826,"date":"2024-05-03T10:04:53","date_gmt":"2024-05-03T07:04:53","guid":{"rendered":"https:\/\/jonnex.eu\/musu-zimoli\/"},"modified":"2026-04-27T16:15:57","modified_gmt":"2026-04-27T13:15:57","slug":"musu-zimoli","status":"publish","type":"page","link":"https:\/\/jonnex.eu\/lv\/musu-zimoli\/","title":{"rendered":"M\u016bsu z\u012bmoli"},"content":{"rendered":"<section id=\"cta-block_fcbb8e09ca1a371c322297de0943590f\" class=\"block cta\">\n    <div class=\"container\">\n        <div class=\"cta-image-wrapper\">\n                            <div class=\"row\">\n                    <div class=\"col g-0\"><\/div>\n                    <div class=\"col col-lg-6 g-0\">\n                        <div class=\"ratio ratio-16x9\">\n                            <div class=\"image-wrapper\">\n                                <img decoding=\"async\" src=\"https:\/\/jonnex.eu\/wp-content\/uploads\/2024\/05\/IMG8.jpg\" alt=\"\">\n                            <\/div>\n                        <\/div>\n                    <\/div>\n                <\/div>\n                    <\/div>\n        <div class=\"row\">\n            <div class=\"col col-lg-6\" style=\" --columns-content-grid-bg: #1A32AA; background-image: url(https:\/\/jonnex.eu\/wp-content\/uploads\/2024\/05\/Sign.svg);\">\n                <div class=\"cta-content\">\n                                            <div class=\"cta-title\">\n                            <h2>M\u016bsu z\u012bmoli<\/h2>\n                        <\/div>\n                                                                <p>M\u016bsu z\u012bmoli atspogu\u013co m\u016bsu r\u016bpn\u012bcu ilgo v\u0113sturi un ra\u017eo\u0161anas pieredzi, k\u0101 ar\u012b da\u017e\u0101dus tirgus segmentus un m\u0113r\u0137auditorijas, produktu \u012bpa\u0161\u012bbas un m\u016bsu klientu vajadz\u012bbas.\r\n<br>\r\n<br>\r\n<a href=\"https:\/\/jonnex.eu\/wp-content\/uploads\/2026\/04\/jonnex_farma_catalog_visas_2026_04_20_TG.pdf\" target=\"blank\">Lejupl\u0101d\u0113<\/a> m\u016bsu produktu katalogu, lai uzzin\u0101tu vair\u0101k<\/p>\n                                                        <\/div>\n            <\/div>\n        <\/div>\n    <\/div>\n<\/section>\n\n\n<section id=\"brands-block_34adbaead2a8b5572ac972fbe156aefd\" class=\"block brands\"\r\n         data-animate=\"fade-up\" data-animate-offset=\"0\" data-animate-speed=\"1\" data-animate-x=\"100\">\r\n    <div class=\"container\" data-animate-y=\"100\">\r\n        <div class=\"row justify-content-center\">\r\n                            <div class=\"col-12 col-sm-6 col-lg-4\">\r\n                    <div class=\"card-brand\" data-card-key=\"0\">\r\n                        <img decoding=\"async\" src=\"https:\/\/jonnex.eu\/wp-content\/uploads\/2024\/05\/Drpakalns-Logo-1.svg\" alt=\"Dr.Pakalns\">\r\n\r\n                        <div class=\"style-arrow\">\r\n                            <svg width=\"48\" height=\"24\" viewBox=\"0 0 48 24\" fill=\"none\" xmlns=\"http:\/\/www.w3.org\/2000\/svg\">\r\n                                <path d=\"M24 0L48 24H0L24 0Z\" fill=\"#E8EAF6\"\/>\r\n                            <\/svg>\r\n                        <\/div>\r\n\r\n\r\n                        <div class=\"info-for-modal d-none\">\r\n                            <div class=\"container\">\r\n                                <div class=\"row justify-content-between\">\r\n                                    <div class=\"col-12 col-lg-4\">\r\n                                                                                    <img decoding=\"async\" src=\"https:\/\/jonnex.eu\/wp-content\/uploads\/2024\/05\/dr-pakalns-02.png\" alt=\"\">\r\n                                                                            <\/div>\r\n                                    <div class=\"col-12 col-lg-7\">\r\n                                        <div class=\"inner-content\">\r\n                                            <h2>Dr. Pakalns<\/h2>\n<p>\u0160\u012bs z\u012bmols ir rad\u012bts par godu farmaceitam un biolo\u0123ijas zin\u0101t\u0146u doktoram Dailonim Pakalnam, jo tie\u0161i vi\u0146\u0161 ir tas, kur\u0161, r\u016bp\u012bgi analiz\u0113jot un p\u0113tot augu iedarb\u012bbu uz cilv\u0113ka organismu, ir izstr\u0101d\u0101jis akt\u012bv\u0101s komponentes l\u012bnij\u0101 eso\u0161ajiem produktiem.<\/p>\n<p>Vi\u0146a veikto p\u0113t\u012bjumu rezult\u0101ti ir atspogu\u013coti vair\u0101k nek\u0101 180 publik\u0101cij\u0101s un vair\u0101k\u0101s gr\u0101mat\u0101s, ko vi\u0146\u0161 ir sarakst\u012bjis un izdevis savas dz\u012bves laik\u0101.<\/p>\n                                            <div class=\"buttons\">\r\n                                                                                                    <a href=\"https:\/\/drpakalns.lv\/\" target=\"_blank\" class=\"btn btn-primary\">\r\n                                                        Apskat\u012bt m\u0101jas lapu                                                    <\/a>\r\n                                                                                            <\/div>\r\n                                        <\/div>\r\n                                    <\/div>\r\n                                <\/div>\r\n                            <\/div>\r\n\r\n                        <\/div>\r\n                    <\/div>\r\n                <\/div>\r\n                <div class=\"info-modal d-none\" data-key=\"0\"><\/div>\r\n                            <div class=\"col-12 col-sm-6 col-lg-4\">\r\n                    <div class=\"card-brand\" data-card-key=\"1\">\r\n                        <img decoding=\"async\" src=\"https:\/\/jonnex.eu\/wp-content\/uploads\/2024\/05\/Elite-Logo-1.svg\" alt=\"Elite\">\r\n\r\n                        <div class=\"style-arrow\">\r\n                            <svg width=\"48\" height=\"24\" viewBox=\"0 0 48 24\" fill=\"none\" xmlns=\"http:\/\/www.w3.org\/2000\/svg\">\r\n                                <path d=\"M24 0L48 24H0L24 0Z\" fill=\"#E8EAF6\"\/>\r\n                            <\/svg>\r\n                        <\/div>\r\n\r\n\r\n                        <div class=\"info-for-modal d-none\">\r\n                            <div class=\"container\">\r\n                                <div class=\"row justify-content-between\">\r\n                                    <div class=\"col-12 col-lg-4\">\r\n                                                                                    <img decoding=\"async\" src=\"https:\/\/jonnex.eu\/wp-content\/uploads\/2024\/05\/Cardio-Omega2.png\" alt=\"\">\r\n                                                                            <\/div>\r\n                                    <div class=\"col-12 col-lg-7\">\r\n                                        <div class=\"inner-content\">\r\n                                            <h2>\u00c9lite<\/h2>\n<p>Elite nav tikai v\u0101rds, t\u0101 ir ap\u0146em\u0161an\u0101s sasniegt izcil\u012bbu. To nosaka p\u0101r\u0101kums visos aspektos, tas iemieso kvalit\u0101ti un efektivit\u0101ti.<\/p>\n<p>M\u0113s izv\u0113lamies tikai p\u0101rbaud\u012btas, augst\u0101k\u0101s kvalit\u0101tes sast\u0101vda\u013cas, nodro\u0161inot katra produkta maksim\u0101lo funkcionalit\u0101ti, lai pied\u0101v\u0101tu izcilu kvalit\u0101ti.<\/p>\n<p>Elite ir rad\u012bta tiem, kas savam \u0137ermenim un pr\u0101tam izv\u0113las lab\u0101ko \u2013 dabisku, sp\u0113c\u012bgu un l\u012bdzsvarotu.<\/p>\n                                            <div class=\"buttons\">\r\n                                                                                                    <a href=\"https:\/\/elitevit.eu\/\" target=\"_blank\" class=\"btn btn-primary\">\r\n                                                        Apskat\u012bt m\u0101jas lapu                                                    <\/a>\r\n                                                                                            <\/div>\r\n                                        <\/div>\r\n                                    <\/div>\r\n                                <\/div>\r\n                            <\/div>\r\n\r\n                        <\/div>\r\n                    <\/div>\r\n                <\/div>\r\n                <div class=\"info-modal d-none\" data-key=\"1\"><\/div>\r\n                            <div class=\"col-12 col-sm-6 col-lg-4\">\r\n                    <div class=\"card-brand\" data-card-key=\"2\">\r\n                        <img decoding=\"async\" src=\"https:\/\/jonnex.eu\/wp-content\/uploads\/2024\/05\/Jonax-Logo-1.svg\" alt=\"Jonax\">\r\n\r\n                        <div class=\"style-arrow\">\r\n                            <svg width=\"48\" height=\"24\" viewBox=\"0 0 48 24\" fill=\"none\" xmlns=\"http:\/\/www.w3.org\/2000\/svg\">\r\n                                <path d=\"M24 0L48 24H0L24 0Z\" fill=\"#E8EAF6\"\/>\r\n                            <\/svg>\r\n                        <\/div>\r\n\r\n\r\n                        <div class=\"info-for-modal d-none\">\r\n                            <div class=\"container\">\r\n                                <div class=\"row justify-content-between\">\r\n                                    <div class=\"col-12 col-lg-4\">\r\n                                                                                    <img decoding=\"async\" src=\"https:\/\/jonnex.eu\/wp-content\/uploads\/2024\/05\/2321-Jonax-Magnesium-MAX-3d.png\" alt=\"\">\r\n                                                                            <\/div>\r\n                                    <div class=\"col-12 col-lg-7\">\r\n                                        <div class=\"inner-content\">\r\n                                            <h2>Jonax<\/h2>\n<p>Jonax pied\u0101v\u0101 pla\u0161u uztura bag\u0101tin\u0101t\u0101ju sortimentu, medic\u012bnisko ier\u012b\u010du un vesel\u012bbas apr\u016bpes produktu kl\u0101stu. M\u016bsu misija ir padar\u012bt vesel\u012bbas apr\u016bpi pieejamu ikvienam, nodro\u0161inot pla\u0161u izv\u0113li, kas neietekm\u0113 kvalit\u0101ti.<br \/>\n<br \/>\nKatrs produkts zem Jonax z\u012bmola tiek r\u016bp\u012bgi atlas\u012bts no sertific\u0113tiem ra\u017eot\u0101jiem vis\u0101 Eiropas Savien\u012bb\u0101. Tas nodro\u0161ina, ka m\u016bsu pied\u0101v\u0101jums ir racion\u0101ls un par pie\u0146emamu cenu, kas vienlaikus atbilst augstajiem standartiem, ko m\u016bsu pat\u0113r\u0113t\u0101ji sagaida katr\u0101 produktu kategorij\u0101.<\/p>\n                                            <div class=\"buttons\">\r\n                                                                                                    <a href=\"https:\/\/jonax.lv\/\" target=\"_blank\" class=\"btn btn-primary\">\r\n                                                        Apskat\u012bt m\u0101jas lapu                                                    <\/a>\r\n                                                                                            <\/div>\r\n                                        <\/div>\r\n                                    <\/div>\r\n                                <\/div>\r\n                            <\/div>\r\n\r\n                        <\/div>\r\n                    <\/div>\r\n                <\/div>\r\n                <div class=\"info-modal d-none\" data-key=\"2\"><\/div>\r\n                            <div class=\"col-12 col-sm-6 col-lg-4\">\r\n                    <div class=\"card-brand\" data-card-key=\"3\">\r\n                        <img decoding=\"async\" src=\"https:\/\/jonnex.eu\/wp-content\/uploads\/2024\/05\/RFF-Logo.svg\" alt=\"Riga Pharmaceutical Factory\">\r\n\r\n                        <div class=\"style-arrow\">\r\n                            <svg width=\"48\" height=\"24\" viewBox=\"0 0 48 24\" fill=\"none\" xmlns=\"http:\/\/www.w3.org\/2000\/svg\">\r\n                                <path d=\"M24 0L48 24H0L24 0Z\" fill=\"#E8EAF6\"\/>\r\n                            <\/svg>\r\n                        <\/div>\r\n\r\n\r\n                        <div class=\"info-for-modal d-none\">\r\n                            <div class=\"container\">\r\n                                <div class=\"row justify-content-between\">\r\n                                    <div class=\"col-12 col-lg-4\">\r\n                                                                                    <img decoding=\"async\" src=\"https:\/\/jonnex.eu\/wp-content\/uploads\/2024\/05\/frr-02.png\" alt=\"\">\r\n                                                                            <\/div>\r\n                                    <div class=\"col-12 col-lg-7\">\r\n                                        <div class=\"inner-content\">\r\n                                            <h2>RFF<\/h2>\n<p>Tas ir uz\u0146\u0113mums ar senu v\u0113sturi, kur\u0161 tika dibin\u0101ts 1950 gad\u0101. \u0160odien, R\u012bgas Farmaceitisk\u0101 Fabrika ir viens no liel\u0101kajiem augu valsts \u0101rstniecisko l\u012bdzek\u013cu ra\u017eot\u0101jiem Baltij\u0101.<br \/>\n<br \/>\nUz\u0146\u0113muma speci\u0101liz\u0101cija ir \u0161\u0137idras un pus\u0161\u0137idras produktu formas, pulveri un z\u0101\u013cu t\u0113jas. Pla\u0161s produktu portfolio ietver gan sen atpaz\u012bstamus un tradicion\u0101lus, gan jaunus produktus.<\/p>\n                                            <div class=\"buttons\">\r\n                                                                                                    <a href=\"https:\/\/rff.lv\/\" target=\"_blank\" class=\"btn btn-primary\">\r\n                                                        Apskat\u012bt m\u0101jas lapu                                                    <\/a>\r\n                                                                                            <\/div>\r\n                                        <\/div>\r\n                                    <\/div>\r\n                                <\/div>\r\n                            <\/div>\r\n\r\n                        <\/div>\r\n                    <\/div>\r\n                <\/div>\r\n                <div class=\"info-modal d-none\" data-key=\"3\"><\/div>\r\n                            <div class=\"col-12 col-sm-6 col-lg-4\">\r\n                    <div class=\"card-brand\" data-card-key=\"4\">\r\n                        <img decoding=\"async\" src=\"https:\/\/jonnex.eu\/wp-content\/uploads\/2024\/05\/Silvanos-Logo-1.svg\" alt=\"Silvanols\">\r\n\r\n                        <div class=\"style-arrow\">\r\n                            <svg width=\"48\" height=\"24\" viewBox=\"0 0 48 24\" fill=\"none\" xmlns=\"http:\/\/www.w3.org\/2000\/svg\">\r\n                                <path d=\"M24 0L48 24H0L24 0Z\" fill=\"#E8EAF6\"\/>\r\n                            <\/svg>\r\n                        <\/div>\r\n\r\n\r\n                        <div class=\"info-for-modal d-none\">\r\n                            <div class=\"container\">\r\n                                <div class=\"row justify-content-between\">\r\n                                    <div class=\"col-12 col-lg-4\">\r\n                                                                                    <img decoding=\"async\" src=\"https:\/\/jonnex.eu\/wp-content\/uploads\/2024\/06\/unnamed-file.png\" alt=\"\">\r\n                                                                            <\/div>\r\n                                    <div class=\"col-12 col-lg-7\">\r\n                                        <div class=\"inner-content\">\r\n                                            <h2>Silvanols<\/h2>\n<p>Latvijas za\u013c\u0101s farm\u0101cijas uz\u0146\u0113mums, kas jau gandr\u012bz 30 gadus izstr\u0101d\u0101 un ra\u017eo dabiskas izcelsmes uztura bag\u0101tin\u0101t\u0101jus, medic\u012bnisk\u0101s ier\u012bces, kosm\u0113tiku un z\u0101les, lai padar\u012btu dabas dziedino\u0161o sp\u0113ku tuv\u0101ku un pieejam\u0101ku cilv\u0113kiem vis\u0101 pasaul\u0113.<\/p>\n                                            <div class=\"buttons\">\r\n                                                                                                    <a href=\"https:\/\/silvanols.lv\/\" target=\"_blank\" class=\"btn btn-primary\">\r\n                                                        Apskat\u012bt m\u0101jas lapu                                                    <\/a>\r\n                                                                                            <\/div>\r\n                                        <\/div>\r\n                                    <\/div>\r\n                                <\/div>\r\n                            <\/div>\r\n\r\n                        <\/div>\r\n                    <\/div>\r\n                <\/div>\r\n                <div class=\"info-modal d-none\" data-key=\"4\"><\/div>\r\n                            <div class=\"col-12 col-sm-6 col-lg-4\">\r\n                    <div class=\"card-brand\" data-card-key=\"5\">\r\n                        <img decoding=\"async\" src=\"https:\/\/jonnex.eu\/wp-content\/uploads\/2024\/05\/Vitamun-Logo.svg\" alt=\"Vitamun\">\r\n\r\n                        <div class=\"style-arrow\">\r\n                            <svg width=\"48\" height=\"24\" viewBox=\"0 0 48 24\" fill=\"none\" xmlns=\"http:\/\/www.w3.org\/2000\/svg\">\r\n                                <path d=\"M24 0L48 24H0L24 0Z\" fill=\"#E8EAF6\"\/>\r\n                            <\/svg>\r\n                        <\/div>\r\n\r\n\r\n                        <div class=\"info-for-modal d-none\">\r\n                            <div class=\"container\">\r\n                                <div class=\"row justify-content-between\">\r\n                                    <div class=\"col-12 col-lg-4\">\r\n                                                                                    <img decoding=\"async\" src=\"https:\/\/jonnex.eu\/wp-content\/uploads\/2024\/05\/vitamun-03.png\" alt=\"\">\r\n                                                                            <\/div>\r\n                                    <div class=\"col-12 col-lg-7\">\r\n                                        <div class=\"inner-content\">\r\n                                            <h2>Vitam\u00fcn<\/h2>\n<p>T\u0101 ir novatoriska, augst\u0101k\u0101s kvalit\u0101tes uztura bag\u0101tin\u0101t\u0101ju l\u012bnija, kas piln\u012bb\u0101 atbilst jaun\u0101s paaudzes pras\u012bb\u0101m. Pateicoties ilggad\u0113jai pieredzei pat\u0113r\u0113t\u0101ju vesel\u012bbas jom\u0101, mums ir iesp\u0113ja r\u0101d\u012bt produktu kl\u0101stu, kas ir v\u0113rsts uz inov\u0101cij\u0101m un efektivit\u0101ti, atbalstot m\u016bsdienu pat\u0113r\u0113t\u0101ju dinamisku dz\u012bvesveidu.<\/p>\n                                            <div class=\"buttons\">\r\n                                                                                                    <a href=\"https:\/\/vitamun.eu\/\" target=\"_blank\" class=\"btn btn-primary\">\r\n                                                        Apskat\u012bt m\u0101jas lapu                                                    <\/a>\r\n                                                                                            <\/div>\r\n                                        <\/div>\r\n                                    <\/div>\r\n                                <\/div>\r\n                            <\/div>\r\n\r\n                        <\/div>\r\n                    <\/div>\r\n                <\/div>\r\n                <div class=\"info-modal d-none\" data-key=\"5\"><\/div>\r\n                    <\/div>\r\n    <\/div>\r\n<\/section>\r\n","protected":false},"excerpt":{"rendered":"","protected":false},"author":1,"featured_media":0,"parent":0,"menu_order":0,"comment_status":"closed","ping_status":"closed","template":"","meta":{"_acf_changed":false,"footnotes":""},"class_list":["post-826","page","type-page","status-publish","hentry"],"acf":[],"yoast_head":"<!-- This site is optimized with the Yoast SEO plugin v22.4 - https:\/\/yoast.com\/wordpress\/plugins\/seo\/ -->\n<title>M\u016bsu z\u012bmoli - Jonnex Farma<\/title>\n<meta name=\"robots\" content=\"index, follow, max-snippet:-1, max-image-preview:large, max-video-preview:-1\" \/>\n<link rel=\"canonical\" href=\"https:\/\/jonnex.eu\/lv\/musu-zimoli\/\" \/>\n<meta property=\"og:locale\" content=\"lv_LV\" \/>\n<meta property=\"og:type\" content=\"article\" \/>\n<meta property=\"og:title\" content=\"M\u016bsu z\u012bmoli - Jonnex Farma\" \/>\n<meta property=\"og:url\" content=\"https:\/\/jonnex.eu\/lv\/musu-zimoli\/\" \/>\n<meta property=\"og:site_name\" content=\"Jonnex Farma\" \/>\n<meta property=\"article:modified_time\" content=\"2026-04-27T13:15:57+00:00\" \/>\n<meta name=\"twitter:card\" content=\"summary_large_image\" \/>\n<script type=\"application\/ld+json\" class=\"yoast-schema-graph\">{\"@context\":\"https:\/\/schema.org\",\"@graph\":[{\"@type\":\"WebPage\",\"@id\":\"https:\/\/jonnex.eu\/lv\/musu-zimoli\/\",\"url\":\"https:\/\/jonnex.eu\/lv\/musu-zimoli\/\",\"name\":\"M\u016bsu z\u012bmoli - Jonnex Farma\",\"isPartOf\":{\"@id\":\"https:\/\/jonnex.eu\/lv\/#website\"},\"datePublished\":\"2024-05-03T07:04:53+00:00\",\"dateModified\":\"2026-04-27T13:15:57+00:00\",\"breadcrumb\":{\"@id\":\"https:\/\/jonnex.eu\/lv\/musu-zimoli\/#breadcrumb\"},\"inLanguage\":\"lv-LV\",\"potentialAction\":[{\"@type\":\"ReadAction\",\"target\":[\"https:\/\/jonnex.eu\/lv\/musu-zimoli\/\"]}]},{\"@type\":\"BreadcrumbList\",\"@id\":\"https:\/\/jonnex.eu\/lv\/musu-zimoli\/#breadcrumb\",\"itemListElement\":[{\"@type\":\"ListItem\",\"position\":1,\"name\":\"Home\",\"item\":\"https:\/\/jonnex.eu\/lv\/\"},{\"@type\":\"ListItem\",\"position\":2,\"name\":\"M\u016bsu z\u012bmoli\"}]},{\"@type\":\"WebSite\",\"@id\":\"https:\/\/jonnex.eu\/lv\/#website\",\"url\":\"https:\/\/jonnex.eu\/lv\/\",\"name\":\"Jonnex Farma\",\"description\":\"\",\"potentialAction\":[{\"@type\":\"SearchAction\",\"target\":{\"@type\":\"EntryPoint\",\"urlTemplate\":\"https:\/\/jonnex.eu\/lv\/?s={search_term_string}\"},\"query-input\":\"required name=search_term_string\"}],\"inLanguage\":\"lv-LV\"}]}<\/script>\n<!-- \/ Yoast SEO plugin. -->","yoast_head_json":{"title":"M\u016bsu z\u012bmoli - Jonnex Farma","robots":{"index":"index","follow":"follow","max-snippet":"max-snippet:-1","max-image-preview":"max-image-preview:large","max-video-preview":"max-video-preview:-1"},"canonical":"https:\/\/jonnex.eu\/lv\/musu-zimoli\/","og_locale":"lv_LV","og_type":"article","og_title":"M\u016bsu z\u012bmoli - Jonnex Farma","og_url":"https:\/\/jonnex.eu\/lv\/musu-zimoli\/","og_site_name":"Jonnex Farma","article_modified_time":"2026-04-27T13:15:57+00:00","twitter_card":"summary_large_image","schema":{"@context":"https:\/\/schema.org","@graph":[{"@type":"WebPage","@id":"https:\/\/jonnex.eu\/lv\/musu-zimoli\/","url":"https:\/\/jonnex.eu\/lv\/musu-zimoli\/","name":"M\u016bsu z\u012bmoli - Jonnex Farma","isPartOf":{"@id":"https:\/\/jonnex.eu\/lv\/#website"},"datePublished":"2024-05-03T07:04:53+00:00","dateModified":"2026-04-27T13:15:57+00:00","breadcrumb":{"@id":"https:\/\/jonnex.eu\/lv\/musu-zimoli\/#breadcrumb"},"inLanguage":"lv-LV","potentialAction":[{"@type":"ReadAction","target":["https:\/\/jonnex.eu\/lv\/musu-zimoli\/"]}]},{"@type":"BreadcrumbList","@id":"https:\/\/jonnex.eu\/lv\/musu-zimoli\/#breadcrumb","itemListElement":[{"@type":"ListItem","position":1,"name":"Home","item":"https:\/\/jonnex.eu\/lv\/"},{"@type":"ListItem","position":2,"name":"M\u016bsu z\u012bmoli"}]},{"@type":"WebSite","@id":"https:\/\/jonnex.eu\/lv\/#website","url":"https:\/\/jonnex.eu\/lv\/","name":"Jonnex Farma","description":"","potentialAction":[{"@type":"SearchAction","target":{"@type":"EntryPoint","urlTemplate":"https:\/\/jonnex.eu\/lv\/?s={search_term_string}"},"query-input":"required name=search_term_string"}],"inLanguage":"lv-LV"}]}},"_links":{"self":[{"href":"https:\/\/jonnex.eu\/lv\/wp-json\/wp\/v2\/pages\/826","targetHints":{"allow":["GET"]}}],"collection":[{"href":"https:\/\/jonnex.eu\/lv\/wp-json\/wp\/v2\/pages"}],"about":[{"href":"https:\/\/jonnex.eu\/lv\/wp-json\/wp\/v2\/types\/page"}],"author":[{"embeddable":true,"href":"https:\/\/jonnex.eu\/lv\/wp-json\/wp\/v2\/users\/1"}],"replies":[{"embeddable":true,"href":"https:\/\/jonnex.eu\/lv\/wp-json\/wp\/v2\/comments?post=826"}],"version-history":[{"count":12,"href":"https:\/\/jonnex.eu\/lv\/wp-json\/wp\/v2\/pages\/826\/revisions"}],"predecessor-version":[{"id":1035,"href":"https:\/\/jonnex.eu\/lv\/wp-json\/wp\/v2\/pages\/826\/revisions\/1035"}],"wp:attachment":[{"href":"https:\/\/jonnex.eu\/lv\/wp-json\/wp\/v2\/media?parent=826"}],"curies":[{"name":"wp","href":"https:\/\/api.w.org\/{rel}","templated":true}]}}