{"id":9,"date":"2024-04-15T07:15:19","date_gmt":"2024-04-15T04:15:19","guid":{"rendered":"https:\/\/jonnex.eu\/sakums\/"},"modified":"2024-07-30T15:41:38","modified_gmt":"2024-07-30T12:41:38","slug":"sakums","status":"publish","type":"page","link":"https:\/\/jonnex.eu\/lv\/","title":{"rendered":"S\u0101kums"},"content":{"rendered":"\r\n<section id=\"hero-slider-block_f048ef43196daa4f62b6dec21d78d8db\"\r\n         class=\"block hero-slider p-0\"\r\n         data-hero-slider-block\r\n>\r\n    <div class=\"slider-bg\">\r\n        <div class=\"container\">\r\n            <div class=\"row\">\r\n                <div class=\"col-12 col-lg-6 col-img\" style=\" --slider-content-bg: #1A32AA; background-image: url(https:\/\/jonnex.eu\/wp-content\/uploads\/2024\/06\/Sign-1.svg);\"><\/div>\r\n                <div class=\"col-12 col-lg-6 col-bg\" style=\" background-image: url(https:\/\/jonnex.eu\/wp-content\/uploads\/2024\/06\/V-1-1.jpg);\"><\/div>\r\n            <\/div>\r\n        <\/div>\r\n    <\/div>\r\n            <div class=\"hero-slider-wrapper\">\r\n                            <div class=\"hero-slider-item\">\r\n                    <div class=\"item-inner\">\r\n                        <div class=\"container\">\r\n                            <div class=\"row\">\r\n                                <div class=\"col-12 col-lg-6 col-content\" style=\" --slider-content-bg: #1A32AA; background-image: url(https:\/\/jonnex.eu\/wp-content\/uploads\/2024\/06\/Sign-1.svg);\">\r\n                                    <div class=\"inner-content\">\r\n                                        <div class=\"h1\">\r\n                                            Sp\u0113ciniet sevi ar lab\u0101ko!                                        <\/div>\r\n                                        <p>Jonnex-Farma ir farm\u0101cijas uz\u0146\u0113mums ar pieredzi uztura bag\u0101tin\u0101t\u0101ju, medic\u012bnisko ier\u012b\u010du, kosm\u0113tikas un bezrecep\u0161u (OTC) medikamentu izstr\u0101d\u0113 un ra\u017eo\u0161an\u0101, izmantojot r\u016bp\u012bgi piemekl\u0113tas akt\u012bvo vielu kompoz\u012bcijas.<\/p>\r\n                                                                            <\/div>\r\n                                <\/div>\r\n                                <div class=\"col-12 col-lg col-images\" style=\" background-image: url(https:\/\/jonnex.eu\/wp-content\/uploads\/2024\/06\/V-1-1.jpg);\">\r\n                                    <div class=\"image-slider\">\r\n                                                                                                                                                                                        <div>\r\n                                                        <img decoding=\"async\" src=\"https:\/\/jonnex.eu\/wp-content\/uploads\/2024\/05\/vitamun-03.png\" alt=\"\">\r\n                                                    <\/div>\r\n                                                                                                                                                                                                <div>\r\n                                                        <img decoding=\"async\" src=\"https:\/\/jonnex.eu\/wp-content\/uploads\/2024\/06\/frr-02-2.png\" alt=\"\">\r\n                                                    <\/div>\r\n                                                                                                                                                                                                <div>\r\n                                                        <img decoding=\"async\" src=\"https:\/\/jonnex.eu\/wp-content\/uploads\/2024\/05\/dr-pakalns-02.png\" alt=\"\">\r\n                                                    <\/div>\r\n                                                                                                                                                                                                <div>\r\n                                                        <img decoding=\"async\" src=\"https:\/\/jonnex.eu\/wp-content\/uploads\/2024\/06\/unnamed-file.png\" alt=\"\">\r\n                                                    <\/div>\r\n                                                                                                                                                                        <\/div>\r\n                                <\/div>\r\n                            <\/div>\r\n                        <\/div>\r\n                    <\/div>\r\n                <\/div>\r\n                    <\/div>\r\n    <\/section>\r\n\n\n<section id=\"services-block_16e2bb3f0cb24731638ecc79b9cea63f\" class=\"block services\">\r\n\r\n    \r\n    <div class=\"container\">\r\n        <div class=\"row justify-content-between align-items-center\">\r\n            <div class=\"col-12 col-lg-7 col-capabilities order-2 order-md-1\">\r\n                <div class=\"container p-0\">\r\n                    <div class=\"row row-capabilities\">\r\n                                                                                    <div class=\"col-6 col-md-5\">\r\n                                    <div class=\"card-capabilities\">\r\n                                                                                    <div class=\"icon\">\r\n                                                <img decoding=\"async\" src=\"https:\/\/jonnex.eu\/wp-content\/uploads\/2024\/05\/private-label.svg\" alt=\"\" \/>\r\n                                            <\/div>\r\n                                                                                <h3>Priv\u0101tais z\u012bmols<\/h3>\r\n                                    <\/div>\r\n                                <\/div>\r\n                                                            <div class=\"col-6 col-md-7\">\r\n                                    <div class=\"card-capabilities\">\r\n                                                                                    <div class=\"icon\">\r\n                                                <img decoding=\"async\" src=\"https:\/\/jonnex.eu\/wp-content\/uploads\/2024\/05\/contract-manufactring.svg\" alt=\"\" \/>\r\n                                            <\/div>\r\n                                                                                <h3>Kontraktra\u017eo\u0161ana<\/h3>\r\n                                    <\/div>\r\n                                <\/div>\r\n                                                            <div class=\"col-6 col-md-7\">\r\n                                    <div class=\"card-capabilities\">\r\n                                                                                    <div class=\"icon\">\r\n                                                <img decoding=\"async\" src=\"https:\/\/jonnex.eu\/wp-content\/uploads\/2024\/05\/product-development.svg\" alt=\"\" \/>\r\n                                            <\/div>\r\n                                                                                <h3>Produktu izstr\u0101de <\/h3>\r\n                                    <\/div>\r\n                                <\/div>\r\n                                                            <div class=\"col-6 col-md-5\">\r\n                                    <div class=\"card-capabilities\">\r\n                                                                                    <div class=\"icon\">\r\n                                                <img decoding=\"async\" src=\"https:\/\/jonnex.eu\/wp-content\/uploads\/2024\/05\/Design.svg\" alt=\"\" \/>\r\n                                            <\/div>\r\n                                                                                <h3>Dizains<\/h3>\r\n                                    <\/div>\r\n                                <\/div>\r\n                                                                        <\/div>\r\n                <\/div>\r\n\r\n            <\/div>\r\n            <div class=\"col-12 col-lg-4 col-content order-1 order-md-2\">\r\n                                    <h2>Pakalpojumi<\/h2>\n<p>Papildus z\u012bmolu produktiem m\u0113s pied\u0101v\u0101jam priv\u0101t\u0101 z\u012bmola un kontraktra\u017eo\u0161anas pakalpojumus.<\/p>\n<p>M\u0113s pied\u0101v\u0101jam visaptvero\u0161u un elast\u012bgu pakalpojumu kl\u0101stu no formulu izstr\u0101des l\u012bdz ra\u017eo\u0161anai un pieg\u0101dei da\u017e\u0101d\u0101s form\u0101s, ieskaitot \u0161\u0137idrumus, kapsulas, pulverus, kr\u0113mus un gelus.<\/p>\n                                                    <div class=\"button-wrapper\">\r\n                        <a href=\"https:\/\/jonnex.eu\/services\/\" class=\"btn btn-primary\">Uzzin\u0101t vair\u0101k<\/a>\r\n                    <\/div>\r\n                            <\/div>\r\n        <\/div>\r\n    <\/div>\r\n<\/section>\r\n\n\n<section id=\"featured-brands-block_017dc25c6ae1a46fafb9c0d47374d5db\" class=\"block featured-brands\">\n    <div class=\"container\">\n        <div class=\"row justify-content-between align-items-center\">\n            <div class=\"col-12 col-lg-4 col-content\">\n                                    <h2>M\u016bsu z\u012bmoli<\/h2>\n<p>M\u016bsu produktu portfolio satur vair\u0101k nek\u0101 100 produktu, kuri tika izv\u0113rt\u0113ti un izstr\u0101d\u0101ti m\u016bsu r\u016bpn\u012bc\u0101s.<\/p>\n                                                    <div class=\"button-wrapper\">\n                        <a href=\"https:\/\/jonnex.eu\/lv\/musu-zimoli\/\" class=\"btn btn-primary\">Las\u012bt vair\u0101k<\/a>\n                    <\/div>\n                            <\/div>\n            <div class=\"col-12 col-lg-7 col-brands\">\n                <div class=\"container p-lg-0\">\n                    <div class=\"row row-brands\">\n                                                                            <div class=\"col-6 col-md-auto col-brand-logo \">\n                                <div class=\"brand \">\n                                    <a href=\"https:\/\/elitevit.eu\/\" target=\"_blank\" title=\"Elite\">\n                                        <img decoding=\"async\" src=\"https:\/\/jonnex.eu\/wp-content\/uploads\/2024\/05\/Elite-Logo-1.svg\" alt=\"\" \/>\n                                    <\/a>\n                                <\/div>\n                            <\/div>\n                                                                            <div class=\"col-6 col-md-auto col-brand-logo col-brand-logo-lg\">\n                                <div class=\"brand \">\n                                    <a href=\"https:\/\/www.drpakalns.com\/\" target=\"_blank\" title=\"Dr.Pakalns\">\n                                        <img decoding=\"async\" src=\"https:\/\/jonnex.eu\/wp-content\/uploads\/2024\/05\/Drpakalns-Logo-1.svg\" alt=\"\" \/>\n                                    <\/a>\n                                <\/div>\n                            <\/div>\n                                                                            <div class=\"col-6 col-md-auto col-brand-logo \">\n                                <div class=\"brand \">\n                                    <a href=\"https:\/\/rff.lv\/\" target=\"_blank\" title=\"RFF\">\n                                        <img decoding=\"async\" src=\"https:\/\/jonnex.eu\/wp-content\/uploads\/2024\/05\/RFF-Logo.svg\" alt=\"\" \/>\n                                    <\/a>\n                                <\/div>\n                            <\/div>\n                                                                            <div class=\"col-6 col-md-auto col-brand-logo col-brand-logo-lg\">\n                                <div class=\"brand \">\n                                    <a href=\"https:\/\/silvanols.com\/\" target=\"_blank\" title=\"Silvanols\">\n                                        <img decoding=\"async\" src=\"https:\/\/jonnex.eu\/wp-content\/uploads\/2024\/05\/Silvanos-Logo-1.svg\" alt=\"\" \/>\n                                    <\/a>\n                                <\/div>\n                            <\/div>\n                                                                            <div class=\"col-6 col-md-auto col-brand-logo \">\n                                <div class=\"brand \">\n                                    <a href=\"http:\/\/www.jonax.lv\/en\" target=\"_blank\" title=\"Jonax\">\n                                        <img decoding=\"async\" src=\"https:\/\/jonnex.eu\/wp-content\/uploads\/2024\/05\/Jonax-Logo-1.svg\" alt=\"\" \/>\n                                    <\/a>\n                                <\/div>\n                            <\/div>\n                                                                            <div class=\"col-6 col-md-auto col-brand-logo \">\n                                <div class=\"brand \">\n                                    <a href=\"https:\/\/vitamun.eu\/\" target=\"_blank\" title=\"Vitamun\">\n                                        <img decoding=\"async\" src=\"https:\/\/jonnex.eu\/wp-content\/uploads\/2024\/05\/Vitamun-Logo.svg\" alt=\"\" \/>\n                                    <\/a>\n                                <\/div>\n                            <\/div>\n                                            <\/div>\n                <\/div>\n\n            <\/div>\n        <\/div>\n    <\/div>\n<\/section>\n","protected":false},"excerpt":{"rendered":"","protected":false},"author":1,"featured_media":0,"parent":0,"menu_order":0,"comment_status":"closed","ping_status":"closed","template":"","meta":{"_acf_changed":false,"footnotes":""},"class_list":["post-9","page","type-page","status-publish","hentry"],"acf":[],"yoast_head":"<!-- This site is optimized with the Yoast SEO plugin v22.4 - https:\/\/yoast.com\/wordpress\/plugins\/seo\/ -->\n<title>S\u0101kums - Jonnex Farma<\/title>\n<meta name=\"robots\" content=\"index, follow, max-snippet:-1, max-image-preview:large, max-video-preview:-1\" \/>\n<link rel=\"canonical\" href=\"https:\/\/jonnex.eu\/lv\/\" \/>\n<meta property=\"og:locale\" content=\"lv_LV\" \/>\n<meta property=\"og:type\" content=\"article\" \/>\n<meta property=\"og:title\" content=\"S\u0101kums - Jonnex Farma\" \/>\n<meta property=\"og:url\" content=\"https:\/\/jonnex.eu\/lv\/\" \/>\n<meta property=\"og:site_name\" content=\"Jonnex Farma\" \/>\n<meta property=\"article:modified_time\" content=\"2024-07-30T12:41:38+00:00\" \/>\n<meta name=\"twitter:card\" content=\"summary_large_image\" \/>\n<script type=\"application\/ld+json\" class=\"yoast-schema-graph\">{\"@context\":\"https:\/\/schema.org\",\"@graph\":[{\"@type\":\"WebPage\",\"@id\":\"https:\/\/jonnex.eu\/lv\/\",\"url\":\"https:\/\/jonnex.eu\/lv\/\",\"name\":\"S\u0101kums - Jonnex Farma\",\"isPartOf\":{\"@id\":\"https:\/\/jonnex.eu\/lv\/#website\"},\"datePublished\":\"2024-04-15T04:15:19+00:00\",\"dateModified\":\"2024-07-30T12:41:38+00:00\",\"breadcrumb\":{\"@id\":\"https:\/\/jonnex.eu\/lv\/#breadcrumb\"},\"inLanguage\":\"lv-LV\",\"potentialAction\":[{\"@type\":\"ReadAction\",\"target\":[\"https:\/\/jonnex.eu\/lv\/\"]}]},{\"@type\":\"BreadcrumbList\",\"@id\":\"https:\/\/jonnex.eu\/lv\/#breadcrumb\",\"itemListElement\":[{\"@type\":\"ListItem\",\"position\":1,\"name\":\"Home\",\"item\":\"https:\/\/jonnex.eu\/lv\/\"},{\"@type\":\"ListItem\",\"position\":2,\"name\":\"S\u0101kums\"}]},{\"@type\":\"WebSite\",\"@id\":\"https:\/\/jonnex.eu\/lv\/#website\",\"url\":\"https:\/\/jonnex.eu\/lv\/\",\"name\":\"Jonnex Farma\",\"description\":\"\",\"potentialAction\":[{\"@type\":\"SearchAction\",\"target\":{\"@type\":\"EntryPoint\",\"urlTemplate\":\"https:\/\/jonnex.eu\/lv\/?s={search_term_string}\"},\"query-input\":\"required name=search_term_string\"}],\"inLanguage\":\"lv-LV\"}]}<\/script>\n<!-- \/ Yoast SEO plugin. -->","yoast_head_json":{"title":"S\u0101kums - Jonnex Farma","robots":{"index":"index","follow":"follow","max-snippet":"max-snippet:-1","max-image-preview":"max-image-preview:large","max-video-preview":"max-video-preview:-1"},"canonical":"https:\/\/jonnex.eu\/lv\/","og_locale":"lv_LV","og_type":"article","og_title":"S\u0101kums - Jonnex Farma","og_url":"https:\/\/jonnex.eu\/lv\/","og_site_name":"Jonnex Farma","article_modified_time":"2024-07-30T12:41:38+00:00","twitter_card":"summary_large_image","schema":{"@context":"https:\/\/schema.org","@graph":[{"@type":"WebPage","@id":"https:\/\/jonnex.eu\/lv\/","url":"https:\/\/jonnex.eu\/lv\/","name":"S\u0101kums - Jonnex Farma","isPartOf":{"@id":"https:\/\/jonnex.eu\/lv\/#website"},"datePublished":"2024-04-15T04:15:19+00:00","dateModified":"2024-07-30T12:41:38+00:00","breadcrumb":{"@id":"https:\/\/jonnex.eu\/lv\/#breadcrumb"},"inLanguage":"lv-LV","potentialAction":[{"@type":"ReadAction","target":["https:\/\/jonnex.eu\/lv\/"]}]},{"@type":"BreadcrumbList","@id":"https:\/\/jonnex.eu\/lv\/#breadcrumb","itemListElement":[{"@type":"ListItem","position":1,"name":"Home","item":"https:\/\/jonnex.eu\/lv\/"},{"@type":"ListItem","position":2,"name":"S\u0101kums"}]},{"@type":"WebSite","@id":"https:\/\/jonnex.eu\/lv\/#website","url":"https:\/\/jonnex.eu\/lv\/","name":"Jonnex Farma","description":"","potentialAction":[{"@type":"SearchAction","target":{"@type":"EntryPoint","urlTemplate":"https:\/\/jonnex.eu\/lv\/?s={search_term_string}"},"query-input":"required name=search_term_string"}],"inLanguage":"lv-LV"}]}},"_links":{"self":[{"href":"https:\/\/jonnex.eu\/lv\/wp-json\/wp\/v2\/pages\/9","targetHints":{"allow":["GET"]}}],"collection":[{"href":"https:\/\/jonnex.eu\/lv\/wp-json\/wp\/v2\/pages"}],"about":[{"href":"https:\/\/jonnex.eu\/lv\/wp-json\/wp\/v2\/types\/page"}],"author":[{"embeddable":true,"href":"https:\/\/jonnex.eu\/lv\/wp-json\/wp\/v2\/users\/1"}],"replies":[{"embeddable":true,"href":"https:\/\/jonnex.eu\/lv\/wp-json\/wp\/v2\/comments?post=9"}],"version-history":[{"count":12,"href":"https:\/\/jonnex.eu\/lv\/wp-json\/wp\/v2\/pages\/9\/revisions"}],"predecessor-version":[{"id":994,"href":"https:\/\/jonnex.eu\/lv\/wp-json\/wp\/v2\/pages\/9\/revisions\/994"}],"wp:attachment":[{"href":"https:\/\/jonnex.eu\/lv\/wp-json\/wp\/v2\/media?parent=9"}],"curies":[{"name":"wp","href":"https:\/\/api.w.org\/{rel}","templated":true}]}}